{"id":148,"date":"2025-02-14T04:59:39","date_gmt":"2025-02-14T04:59:39","guid":{"rendered":"https:\/\/laminacard.123-mousepad.de\/?page_id=148"},"modified":"2025-06-17T03:27:56","modified_gmt":"2025-06-17T03:27:56","slug":"direkt-bestellen","status":"publish","type":"page","link":"https:\/\/laminacard.123-mousepad.de\/?page_id=148","title":{"rendered":"Direkt bestellen"},"content":{"rendered":"<div>\n\n<div class=\"wpcf7 no-js\" id=\"wpcf7-f138-o1\" lang=\"de-DE\" dir=\"ltr\" data-wpcf7-id=\"138\">\n<div class=\"screen-reader-response\"><p role=\"status\" aria-live=\"polite\" aria-atomic=\"true\"><\/p> <ul><\/ul><\/div>\n<form action=\"\/index.php?rest_route=%2Fwp%2Fv2%2Fpages%2F148#wpcf7-f138-o1\" method=\"post\" class=\"wpcf7-form init\" aria-label=\"Kontaktformular\" enctype=\"multipart\/form-data\" novalidate=\"novalidate\" data-status=\"init\">\n<fieldset class=\"hidden-fields-container\"><input type=\"hidden\" name=\"_wpcf7\" value=\"138\" \/><input type=\"hidden\" name=\"_wpcf7_version\" value=\"6.1.5\" \/><input type=\"hidden\" name=\"_wpcf7_locale\" value=\"de_DE\" \/><input type=\"hidden\" name=\"_wpcf7_unit_tag\" value=\"wpcf7-f138-o1\" \/><input type=\"hidden\" name=\"_wpcf7_container_post\" value=\"0\" \/><input type=\"hidden\" name=\"_wpcf7_posted_data_hash\" value=\"\" \/>\n<\/fieldset>\n<p><label><br \/>\n<span class=\"wpcf7-form-control-wrap\" data-name=\"company\"><input size=\"40\" maxlength=\"400\" class=\"wpcf7-form-control wpcf7-text wpcf7-validates-as-required uk-input uk-width-1-1\" autocomplete=\"company\" aria-required=\"true\" aria-invalid=\"false\" placeholder=\"Firma\" value=\"\" type=\"text\" name=\"company\" \/><\/span><\/label>\n<\/p>\n<p><label>Anrede<br \/>\n<span class=\"wpcf7-form-control-wrap\" data-name=\"salutaion\"><select class=\"wpcf7-form-control wpcf7-select uk-select\" aria-invalid=\"false\" name=\"salutaion\"><option value=\"\"><\/option><option value=\"Herr\">Herr<\/option><option value=\"Frau\">Frau<\/option><\/select><\/span><\/label>\n<\/p>\n<p><label><br \/>\n<span class=\"wpcf7-form-control-wrap\" data-name=\"firstname\"><input size=\"40\" maxlength=\"400\" class=\"wpcf7-form-control wpcf7-text wpcf7-validates-as-required uk-input uk-width-1-1\" autocomplete=\"firstname\" aria-required=\"true\" aria-invalid=\"false\" placeholder=\"Vorname\" value=\"\" type=\"text\" name=\"firstname\" \/><\/span><\/label>\n<\/p>\n<p><label><br \/>\n<span class=\"wpcf7-form-control-wrap\" data-name=\"lastname\"><input size=\"40\" maxlength=\"400\" class=\"wpcf7-form-control wpcf7-text wpcf7-validates-as-required uk-input uk-width-1-1\" autocomplete=\"lastname\" aria-required=\"true\" aria-invalid=\"false\" placeholder=\"Nachname\" value=\"\" type=\"text\" name=\"lastname\" \/><\/span><\/label>\n<\/p>\n<p><label><br \/>\n<span class=\"wpcf7-form-control-wrap\" data-name=\"fulladress\"><input size=\"40\" maxlength=\"400\" class=\"wpcf7-form-control wpcf7-text wpcf7-validates-as-required uk-input uk-width-1-1\" autocomplete=\"fulladress\" aria-required=\"true\" aria-invalid=\"false\" placeholder=\"Stra\u00dfe und Hausnummer\" value=\"\" type=\"text\" name=\"fulladress\" \/><\/span><\/label>\n<\/p>\n<p><label><br \/>\n<span class=\"wpcf7-form-control-wrap\" data-name=\"codeadress\"><input size=\"40\" maxlength=\"400\" class=\"wpcf7-form-control wpcf7-text wpcf7-validates-as-required uk-input uk-width-1-1\" autocomplete=\"codeadress\" aria-required=\"true\" aria-invalid=\"false\" placeholder=\"Postleitzahl\" value=\"\" type=\"text\" name=\"codeadress\" \/><\/span><\/label>\n<\/p>\n<p><label><br \/>\n<span class=\"wpcf7-form-control-wrap\" data-name=\"city\"><input size=\"40\" maxlength=\"400\" class=\"wpcf7-form-control wpcf7-text wpcf7-validates-as-required uk-input uk-width-1-1\" autocomplete=\"city\" aria-required=\"true\" aria-invalid=\"false\" placeholder=\"Ort\" value=\"\" type=\"text\" name=\"city\" \/><\/span><\/label>\n<\/p>\n<p><label><br \/>\n<span class=\"wpcf7-form-control-wrap\" data-name=\"phone\"><input size=\"40\" maxlength=\"400\" class=\"wpcf7-form-control wpcf7-text wpcf7-validates-as-required uk-input uk-width-1-1\" autocomplete=\"phone\" aria-required=\"true\" aria-invalid=\"false\" placeholder=\"Telefon\" value=\"\" type=\"text\" name=\"phone\" \/><\/span><\/label>\n<\/p>\n<p><label><br \/>\n<span class=\"wpcf7-form-control-wrap\" data-name=\"your-email\"><input size=\"40\" maxlength=\"400\" class=\"wpcf7-form-control wpcf7-email wpcf7-validates-as-required wpcf7-text wpcf7-validates-as-email uk-input uk-width-1-1\" autocomplete=\"email\" aria-required=\"true\" aria-invalid=\"false\" placeholder=\"Deine E-Mail\" value=\"\" type=\"email\" name=\"your-email\" \/><\/span><\/label>\n<\/p>\n<p><label>Layout hochladen<br \/>\n<span class=\"wpcf7-form-control-wrap\" data-name=\"file-312\"><input size=\"40\" class=\"wpcf7-form-control wpcf7-file uk-button-default uk-button\" accept=\"image\/*\" aria-invalid=\"false\" type=\"file\" name=\"file-312\" \/><\/span><\/label>\n<\/p>\n<p><label>Blanko Karten<br \/>\n<span class=\"wpcf7-form-control-wrap\" data-name=\"directblanko\"><span class=\"wpcf7-form-control wpcf7-radio uk-radio\"><span class=\"wpcf7-list-item first last\"><input type=\"radio\" name=\"directblanko\" value=\"Blanko (ohne Aufdruck)\" \/><span class=\"wpcf7-list-item-label\">Blanko (ohne Aufdruck)<\/span><\/span><\/span><\/span><\/label>\n<\/p>\n<p><label>Bestellmenge<br \/>\n<span class=\"wpcf7-form-control-wrap\" data-name=\"directpiece\"><input size=\"40\" maxlength=\"400\" class=\"wpcf7-form-control wpcf7-text wpcf7-validates-as-required uk-input uk-width-1-1\" autocomplete=\"phone\" aria-required=\"true\" aria-invalid=\"false\" placeholder=\"St\u00fcckzahl\" value=\"\" type=\"text\" name=\"directpiece\" \/><\/span><\/label>\n<\/p>\n<p><label>Format<br \/>\n<span class=\"wpcf7-form-control-wrap\" data-name=\"directsize\"><select class=\"wpcf7-form-control wpcf7-select uk-select\" aria-invalid=\"false\" name=\"directsize\"><option value=\"Rechteckig\">Rechteckig<\/option><option value=\"Quadratisch\">Quadratisch<\/option><\/select><\/span><\/label>\n<\/p>\n<p>Ihre Nachricht<br \/>\n<span class=\"wpcf7-form-control-wrap\" data-name=\"yourmessage\"><textarea cols=\"40\" rows=\"10\" maxlength=\"2000\" class=\"wpcf7-form-control wpcf7-textarea uk-textarea\" aria-invalid=\"false\" name=\"yourmessage\"><\/textarea><\/span>\n<\/p>\n<p><label>Zahlungsart<br \/>\n<span class=\"wpcf7-form-control-wrap\" data-name=\"directorder\"><span class=\"wpcf7-form-control wpcf7-radio\"><span class=\"wpcf7-list-item first\"><span class=\"wpcf7-list-item-label\">Vorkasse<\/span><input type=\"radio\" name=\"directorder\" value=\"Vorkasse\" \/><\/span><span class=\"wpcf7-list-item\"><span class=\"wpcf7-list-item-label\">Paypal<\/span><input type=\"radio\" name=\"directorder\" value=\"Paypal\" \/><\/span><span class=\"wpcf7-list-item last\"><span class=\"wpcf7-list-item-label\">auf Rechnung<\/span><input type=\"radio\" name=\"directorder\" value=\"auf Rechnung\" checked=\"checked\" \/><\/span><\/span><\/span><\/label>\n<\/p>\n<p><input class=\"wpcf7-form-control wpcf7-submit has-spinner uk-button uk-button-primary\" type=\"submit\" value=\"Jetzt direkt bestellen\" \/>\n<\/p><div class=\"wpcf7-response-output\" aria-hidden=\"true\"><\/div>\n<\/form>\n<\/div>\n<\/div>\n<h1>Plastikkarten Direkt bestellen<\/h1>\n<div>\n<p>Bestellen Sie Ihre Plastikkarten schnell und unkompliziert u\u0308ber unser Online-Formular. W\u00e4hlen Sie zwischen einer individuell bedruckten Karte mit eigenem Layout oder einer Blankokarte, die Sie selbst weiterverarbeiten k\u00f6nnen.<\/p>\n<\/div>\n<div>\n<h3>Option 1: Karte mit eigenem Design<\/h3>\n<div>\u2714 Layout hochladen: Laden Sie Ihre Druckdaten als PDF, AI, EPS oder hochaufl\u00f6sendes Bild (JPG, PNG) hoch.<br \/>\u2714 Druckfreigabe: Sie erhalten eine Ansicht per E-Mail zur Freigabe, bevor die Produktion startet.<\/div>\n<\/div>\n<div>\n<h3>Option 2: Blankokarten<\/h3>\n<div>\u2714 Unbedruckte Plastikkarten fu\u0308r eigene Bedruckung oder Beschriftung.<br \/>\u2714 Erh\u00e4ltlich in verschiedenen Farben, Oberfl\u00e4chen und St\u00e4rken.<br \/>\u2714 Perfekt fu\u0308r Thermodrucker oder manuelle Beschriftung mit Permanentmarker.<\/div>\n<\/div>\n<div>\n<h3>Individuelle Kartenwu\u0308nsche?<\/h3>\n<div>Sie ben\u00f6tigen Karten mit speziellen Optionen wie Magnetstreifen, Lochung oder besonderen Veredelungen? Kein Problem! Rufen Sie uns einfach an oder schreiben Sie uns \u2013 wir erstellen Ihnen gerne ein individuelles Angebot.\n<\/div>\n<\/div>\n<p><!--more--><br \/>\n<!-- {\"type\":\"layout\",\"children\":[{\"type\":\"section\",\"props\":{\"image_position\":\"center-center\",\"style\":\"default\",\"title_breakpoint\":\"xl\",\"title_position\":\"top-left\",\"title_rotation\":\"left\",\"vertical_align\":\"middle\",\"width\":\"default\"},\"children\":[{\"type\":\"row\",\"props\":{\"layout\":\"3-5,2-5\"},\"children\":[{\"type\":\"column\",\"props\":{\"image_position\":\"center-center\",\"position_sticky_breakpoint\":\"m\",\"width_medium\":\"3-5\"},\"children\":[{\"type\":\"html\",\"props\":{\"content\":\"[contact-form-7 id=\\\"35af567\\\" title=\\\"Direct Order\\\"]\"}}]},{\"type\":\"column\",\"props\":{\"image_position\":\"center-center\",\"position_sticky\":\"column\",\"position_sticky_breakpoint\":\"m\",\"width_medium\":\"2-5\"},\"children\":[{\"type\":\"headline\",\"props\":{\"content\":\"Plastikkarten Direkt bestellen\",\"title_element\":\"h1\"}},{\"type\":\"text\",\"props\":{\"column_breakpoint\":\"m\",\"content\":\"\n\n<p>Bestellen Sie Ihre Plastikkarten schnell und unkompliziert u\\u0308ber unser Online-Formular. W\\u00e4hlen Sie zwischen einer individuell bedruckten Karte mit eigenem Layout oder einer Blankokarte, die Sie selbst weiterverarbeiten k\\u00f6nnen.<\\\/p>\",\"margin\":\"default\"}},{\"name\":\"Panel Style Card Secondary\",\"type\":\"panel\",\"props\":{\"block_align\":\"center\",\"content\":\"\\u2714 Layout hochladen: Laden Sie Ihre Druckdaten als PDF, AI, EPS oder hochaufl\\u00f6sendes Bild (JPG, PNG) hoch.<br \/>\\u2714 Druckfreigabe: Sie erhalten eine Ansicht per E-Mail zur Freigabe, bevor die Produktion startet.\",\"content_column_breakpoint\":\"m\",\"content_margin\":\"small\",\"icon_width\":80,\"image\":\"\",\"image_align\":\"top\",\"image_grid_breakpoint\":\"m\",\"image_grid_width\":\"1-2\",\"image_height\":\"50\",\"image_svg_color\":\"emphasis\",\"image_svg_inline\":true,\"image_width\":\"50\",\"link_style\":\"default\",\"link_text\":\"Read more\",\"margin\":\"default\",\"meta\":\"\",\"meta_align\":\"above-title\",\"meta_element\":\"div\",\"meta_style\":\"text-meta\",\"panel_card_image\":false,\"panel_padding\":\"default\",\"panel_style\":\"card-secondary\",\"title\":\"Option 1: Karte mit eigenem Design\",\"title_align\":\"top\",\"title_element\":\"h3\",\"title_grid_breakpoint\":\"m\",\"title_grid_width\":\"1-2\",\"title_hover_style\":\"reset\"}},{\"name\":\"Panel Style Card Secondary\",\"type\":\"panel\",\"props\":{\"block_align\":\"center\",\"content\":\"\\u2714 Unbedruckte Plastikkarten fu\\u0308r eigene Bedruckung oder Beschriftung.<br \/>\\u2714 Erh\\u00e4ltlich in verschiedenen Farben, Oberfl\\u00e4chen und St\\u00e4rken.<br \/>\\u2714 Perfekt fu\\u0308r Thermodrucker oder manuelle Beschriftung mit Permanentmarker.\",\"content_column_breakpoint\":\"m\",\"content_margin\":\"small\",\"icon_width\":80,\"image\":\"\",\"image_align\":\"top\",\"image_grid_breakpoint\":\"m\",\"image_grid_width\":\"1-2\",\"image_height\":\"50\",\"image_svg_color\":\"emphasis\",\"image_svg_inline\":true,\"image_width\":\"50\",\"link_style\":\"default\",\"link_text\":\"Read more\",\"margin\":\"default\",\"meta\":\"\",\"meta_align\":\"above-title\",\"meta_element\":\"div\",\"meta_style\":\"text-meta\",\"panel_card_image\":false,\"panel_padding\":\"default\",\"panel_style\":\"card-secondary\",\"title\":\"Option 2: Blankokarten\",\"title_align\":\"top\",\"title_element\":\"h3\",\"title_grid_breakpoint\":\"m\",\"title_grid_width\":\"1-2\",\"title_hover_style\":\"reset\"}},{\"name\":\"Panel Style Card Secondary\",\"type\":\"panel\",\"props\":{\"block_align\":\"center\",\"content\":\"Sie ben\\u00f6tigen Karten mit speziellen Optionen wie Magnetstreifen, Lochung oder besonderen Veredelungen? Kein Problem! Rufen Sie uns einfach an oder schreiben Sie uns \\u2013 wir erstellen Ihnen gerne ein individuelles Angebot.\\n\",\"content_column_breakpoint\":\"m\",\"content_margin\":\"small\",\"icon_width\":80,\"image\":\"\",\"image_align\":\"top\",\"image_grid_breakpoint\":\"m\",\"image_grid_width\":\"1-2\",\"image_height\":\"50\",\"image_svg_color\":\"emphasis\",\"image_svg_inline\":true,\"image_width\":\"50\",\"link_style\":\"default\",\"link_text\":\"Read more\",\"margin\":\"default\",\"meta\":\"\",\"meta_align\":\"above-title\",\"meta_element\":\"div\",\"meta_style\":\"text-meta\",\"panel_card_image\":false,\"panel_padding\":\"default\",\"panel_style\":\"card-primary\",\"title\":\"Individuelle Kartenwu\\u0308nsche?\",\"title_align\":\"top\",\"title_element\":\"h3\",\"title_grid_breakpoint\":\"m\",\"title_grid_width\":\"1-2\",\"title_hover_style\":\"reset\"}}]}]}]}],\"version\":\"4.5.4\"} --><\/p>\n","protected":false},"excerpt":{"rendered":"<p>Plastikkarten Direkt bestellen Bestellen Sie Ihre Plastikkarten schnell und unkompliziert u\u0308ber unser Online-Formular. W\u00e4hlen Sie zwischen einer individuell bedruckten Karte mit eigenem Layout oder einer Blankokarte, die Sie selbst weiterverarbeiten k\u00f6nnen. Option 1: Karte mit eigenem Design \u2714 Layout hochladen: Laden Sie Ihre Druckdaten als PDF, AI, EPS oder hochaufl\u00f6sendes Bild (JPG, PNG) hoch.\u2714 Druckfreigabe: [&hellip;]<\/p>\n","protected":false},"author":1,"featured_media":0,"parent":0,"menu_order":0,"comment_status":"closed","ping_status":"closed","template":"","meta":{"footnotes":""},"class_list":["post-148","page","type-page","status-publish","hentry"],"_links":{"self":[{"href":"https:\/\/laminacard.123-mousepad.de\/index.php?rest_route=\/wp\/v2\/pages\/148","targetHints":{"allow":["GET"]}}],"collection":[{"href":"https:\/\/laminacard.123-mousepad.de\/index.php?rest_route=\/wp\/v2\/pages"}],"about":[{"href":"https:\/\/laminacard.123-mousepad.de\/index.php?rest_route=\/wp\/v2\/types\/page"}],"author":[{"embeddable":true,"href":"https:\/\/laminacard.123-mousepad.de\/index.php?rest_route=\/wp\/v2\/users\/1"}],"replies":[{"embeddable":true,"href":"https:\/\/laminacard.123-mousepad.de\/index.php?rest_route=%2Fwp%2Fv2%2Fcomments&post=148"}],"version-history":[{"count":8,"href":"https:\/\/laminacard.123-mousepad.de\/index.php?rest_route=\/wp\/v2\/pages\/148\/revisions"}],"predecessor-version":[{"id":161,"href":"https:\/\/laminacard.123-mousepad.de\/index.php?rest_route=\/wp\/v2\/pages\/148\/revisions\/161"}],"wp:attachment":[{"href":"https:\/\/laminacard.123-mousepad.de\/index.php?rest_route=%2Fwp%2Fv2%2Fmedia&parent=148"}],"curies":[{"name":"wp","href":"https:\/\/api.w.org\/{rel}","templated":true}]}}