{"id":92,"date":"2024-08-17T21:09:50","date_gmt":"2024-08-17T21:09:50","guid":{"rendered":"https:\/\/laminacard.123-mousepad.de\/?page_id=92"},"modified":"2024-08-21T01:40:09","modified_gmt":"2024-08-21T01:40:09","slug":"komplettpakete","status":"publish","type":"page","link":"https:\/\/laminacard.123-mousepad.de\/?page_id=92","title":{"rendered":"Komplettpakete"},"content":{"rendered":"<h1>laminacard Plastikkarten-Komplettpakete<\/h1>\n<div>\n<p>Wir haben unsere Produktionslinien erweitert und k\u00f6nnen Ihnen ab sofort auch Plastikkarten in Kreditkartenqualit\u00e4t im Komplettpaket anbieten. Dieses Angebot richtet sich an alle, die hochwertige Plastikkarten in kleineren Auflagen von 250 bis 1.000 Exemplaren zu attraktiven Konditionen ben\u00f6tigen!<\/p>\n<p><a class=\"aktuelleslink\" href=\"https:\/\/www.laminacard.de\/Kontakt\/kontakt_kontaktformular.php\" title=\"Kontaktformular\">Lassen Sie sich \u00fcberzeugen \u2013 wir freuen uns \u00fcber Ihre Anfrage!<\/a><\/p>\n<p><span>Selbstverst\u00e4ndlich sind wir auch der richtige Partner f\u00fcr gr\u00f6\u00dfere Auflagen \u2013 wir erstellen Ihnen gerne Ihr individuelles Angebot.<\/span><\/p>\n<\/div>\n<h2>Plastikkarten beim Profi kaufen<\/h2>\n<div>\n<p>Wir sind ein Unternehmen, das viel Wert auf Hochwertigkeit legt. Dies bekommen Sie auch anhand unserer Plastikkarten zu sp\u00fcren. Es werden hochwertige Materialien verwendet und die Aufdrucke werden regelrecht liebevoll aufgebracht. Ganz egal, f\u00fcr welchen Anlass Sie eine solche Karte ben\u00f6tigen, bei uns bekommen Sie genau das, was sie suchen. Ihre W\u00fcnsche haben in unserem Unternehmen h\u00f6chste Priorit\u00e4t.<\/p>\n<p><strong>Karten mit Magnetstreifen oder Barcodes<\/strong><\/p>\n<p>Unsere Plastikkarten dienen selbstverst\u00e4ndlich nicht nur zu Dekozwecken. Die Karten k\u00f6nnen Sie zwar sch\u00f6n bedrucken lassen, aber wir k\u00f6nnen sie auf Wunsch auch mit Barcodes versehen. Dies ist sehr interessant, wenn zum Beispiel Geschenkgutscheine ben\u00f6tigt werden. Eine Plastikkarte ist da weitaus hochwertiger, als ein Papiergutschein. Unsere Karten k\u00f6nnen zudem auch mit Magnetstreifen versehen werden. Auch daf\u00fcr gibt es zahlreiche Verwendungszwecke. Angefangen von Karten als Zahlungsmittel, bis hin zu Magnetstreifenkarten zum \u00d6ffnen von Zimmert\u00fcren in Ihrem Hotel oder B\u00fcro. Wir von laminacard k\u00f6nnen Ihnen Ihre Karten so gestalten, wie sie von Ihnen ben\u00f6tigt werden.<\/p>\n<p><strong>Hochwertige Drucke und Pr\u00e4gungen<\/strong><\/p>\n<p>Die Plastikkarten k\u00f6nnen von unserem Unternehmen mit hochwertigen Aufdrucken und Pr\u00e4gungen versehen werden. Daf\u00fcr werden beste PVC-Karten verwendet, welche mit einem Druck versehen werden k\u00f6nnen, der nach neustem technischen Stand erfolgt. Auch richtige Hochpr\u00e4gungen sind m\u00f6glich, so wie Sie diese zum Beispiel von Ihren Kreditkarten gew\u00f6hnt sind. Wir bieten Ihnen keine Spielzeugkarten, sondern richtig hochwertige Karten, die auch funktional stimmig sind. Auf Wunsch k\u00f6nnen wir Ihnen aber auch unsere puren Plastikkarten zur Verf\u00fcgung stellen. Sie k\u00f6nnen also gerne in unserem Unternehmen Blankokarten bestellen. Diese stellen wir mir viel Sorgfalt aus unseren Karten-Rohlingen f\u00fcr Sie her.<\/p>\n<\/div>\n<p><img decoding=\"async\" src=\"\/wp-content\/uploads\/2024\/08\/cta-contact.svg\" alt=\"\"><\/p>\n<h2>Sie suchen nach etwas Individuellem?<\/h2>\n<p>\n    <a href=\"#\">Contact Us<\/a>\n<\/p>\n<p><!--more--><br \/>\n<!-- {\"type\":\"layout\",\"children\":[{\"name\":\"Terms\",\"type\":\"section\",\"props\":{\"image_position\":\"center-center\",\"style\":\"default\",\"title_breakpoint\":\"xl\",\"title_position\":\"top-left\",\"title_rotation\":\"left\",\"vertical_align\":\"\",\"width\":\"small\"},\"children\":[{\"type\":\"row\",\"children\":[{\"type\":\"column\",\"props\":{\"image_position\":\"center-center\",\"position_sticky_breakpoint\":\"m\",\"width_medium\":\"1-1\"},\"children\":[{\"type\":\"headline\",\"props\":{\"content\":\"laminacard Plastikkarten-Komplettpakete\",\"margin_remove_bottom\":false,\"margin_remove_top\":true,\"title_element\":\"h1\",\"title_style\":\"heading-large\"}}]}]},{\"type\":\"row\",\"props\":{\"margin\":\"large\"},\"children\":[{\"type\":\"column\",\"props\":{\"image_position\":\"center-center\",\"position_sticky_breakpoint\":\"m\",\"width_medium\":\"1-1\"},\"children\":[{\"type\":\"text\",\"props\":{\"column_breakpoint\":\"m\",\"content\":\"\n\n<p>Wir haben unsere Produktionslinien erweitert und k\\u00f6nnen Ihnen ab sofort auch Plastikkarten in Kreditkartenqualit\\u00e4t im Komplettpaket anbieten. Dieses Angebot richtet sich an alle, die hochwertige Plastikkarten in kleineren Auflagen von 250 bis 1.000 Exemplaren zu attraktiven Konditionen ben\\u00f6tigen!<\\\/p>\\n\n\n<p><a class=\\\"aktuelleslink\\\" href=\\\"https:\\\/\\\/www.laminacard.de\\\/Kontakt\\\/kontakt_kontaktformular.php\\\" title=\\\"Kontaktformular\\\">Lassen Sie sich \\u00fcberzeugen \\u2013 wir freuen uns \\u00fcber Ihre Anfrage!<\\\/a><br \\\/><br \\\/><span>Selbstverst\\u00e4ndlich sind wir auch der richtige Partner f\\u00fcr gr\\u00f6\\u00dfere Auflagen \\u2013 wir erstellen Ihnen gerne Ihr individuelles Angebot.<\\\/span><\\\/p>\",\"margin\":\"default\"}}]}]},{\"type\":\"row\",\"props\":{\"margin\":\"large\"},\"children\":[{\"type\":\"column\",\"props\":{\"image_position\":\"center-center\",\"position_sticky_breakpoint\":\"m\",\"width_medium\":\"1-1\"},\"children\":[{\"type\":\"headline\",\"props\":{\"content\":\"Plastikkarten beim Profi kaufen\",\"title_element\":\"h2\",\"title_style\":\"h3\"}},{\"type\":\"text\",\"props\":{\"column_breakpoint\":\"m\",\"content\":\"\n\n<p>Wir sind ein Unternehmen, das viel Wert auf Hochwertigkeit legt. Dies bekommen Sie auch anhand unserer Plastikkarten zu sp\\u00fcren. Es werden hochwertige Materialien verwendet und die Aufdrucke werden regelrecht liebevoll aufgebracht. Ganz egal, f\\u00fcr welchen Anlass Sie eine solche Karte ben\\u00f6tigen, bei uns bekommen Sie genau das, was sie suchen. Ihre W\\u00fcnsche haben in unserem Unternehmen h\\u00f6chste Priorit\\u00e4t.<\\\/p>\\n\n\n<p><strong>Karten mit Magnetstreifen oder Barcodes<\\\/strong><\\\/p>\\n\n\n<p>Unsere Plastikkarten dienen selbstverst\\u00e4ndlich nicht nur zu Dekozwecken. Die Karten k\\u00f6nnen Sie zwar sch\\u00f6n bedrucken lassen, aber wir k\\u00f6nnen sie auf Wunsch auch mit Barcodes versehen. Dies ist sehr interessant, wenn zum Beispiel Geschenkgutscheine ben\\u00f6tigt werden. Eine Plastikkarte ist da weitaus hochwertiger, als ein Papiergutschein. Unsere Karten k\\u00f6nnen zudem auch mit Magnetstreifen versehen werden. Auch daf\\u00fcr gibt es zahlreiche Verwendungszwecke. Angefangen von Karten als Zahlungsmittel, bis hin zu Magnetstreifenkarten zum \\u00d6ffnen von Zimmert\\u00fcren in Ihrem Hotel oder B\\u00fcro. Wir von laminacard k\\u00f6nnen Ihnen Ihre Karten so gestalten, wie sie von Ihnen ben\\u00f6tigt werden.<\\\/p>\\n\n\n<p><strong>Hochwertige Drucke und Pr\\u00e4gungen<\\\/strong><\\\/p>\\n\n\n<p>Die Plastikkarten k\\u00f6nnen von unserem Unternehmen mit hochwertigen Aufdrucken und Pr\\u00e4gungen versehen werden. Daf\\u00fcr werden beste PVC-Karten verwendet, welche mit einem Druck versehen werden k\\u00f6nnen, der nach neustem technischen Stand erfolgt. Auch richtige Hochpr\\u00e4gungen sind m\\u00f6glich, so wie Sie diese zum Beispiel von Ihren Kreditkarten gew\\u00f6hnt sind. Wir bieten Ihnen keine Spielzeugkarten, sondern richtig hochwertige Karten, die auch funktional stimmig sind. Auf Wunsch k\\u00f6nnen wir Ihnen aber auch unsere puren Plastikkarten zur Verf\\u00fcgung stellen. Sie k\\u00f6nnen also gerne in unserem Unternehmen Blankokarten bestellen. Diese stellen wir mir viel Sorgfalt aus unseren Karten-Rohlingen f\\u00fcr Sie her.<\\\/p>\",\"margin\":\"default\"}}]}]}]},{\"name\":\"Call to Action\",\"type\":\"section\",\"props\":{\"image\":\"wp-content\\\/uploads\\\/2024\\\/08\\\/high-view-laptop-black-shopping-card-scaled.jpg\",\"image_effect\":\"fixed\",\"image_position\":\"top-center\",\"overlap\":false,\"padding_remove_bottom\":false,\"padding_remove_top\":false,\"preserve_color\":false,\"style\":\"default\",\"text_color\":\"light\",\"title_breakpoint\":\"xl\",\"title_position\":\"top-left\",\"title_rotation\":\"left\",\"vertical_align\":\"\",\"width\":\"xlarge\"},\"children\":[{\"type\":\"row\",\"children\":[{\"type\":\"column\",\"props\":{\"image_position\":\"center-center\",\"image_size\":\"cover\",\"image_width\":\"1600\",\"padding\":\"large\",\"position_sticky_breakpoint\":\"m\",\"vertical_align\":\"bottom\"},\"children\":[{\"type\":\"image\",\"props\":{\"height_expand\":false,\"image\":\"wp-content\\\/uploads\\\/2024\\\/08\\\/cta-contact.svg\",\"image_svg_color\":\"\",\"image_svg_inline\":true,\"image_viewport_height\":false,\"margin\":\"default\",\"text_align\":\"center\"}},{\"type\":\"headline\",\"props\":{\"content\":\"Sie suchen nach etwas Individuellem?\",\"margin\":\"default\",\"text_align\":\"center\",\"title_element\":\"h2\",\"title_style\":\"heading-small\"}},{\"type\":\"button\",\"props\":{\"button_size\":\"large\",\"fullwidth\":false,\"grid_column_gap\":\"\",\"grid_row_gap\":\"\",\"margin\":\"large\",\"margin_remove_bottom\":false,\"text_align\":\"center\"},\"children\":[{\"type\":\"button_item\",\"props\":{\"button_style\":\"default\",\"content\":\"Contact Us\",\"icon_align\":\"left\",\"link\":\"#\"}}]}]}],\"props\":{\"margin_remove_bottom\":false,\"margin_remove_top\":false}}]}],\"version\":\"4.4.7\"} --><\/p>\n","protected":false},"excerpt":{"rendered":"<p>laminacard Plastikkarten-Komplettpakete Wir haben unsere Produktionslinien erweitert und k\u00f6nnen Ihnen ab sofort auch Plastikkarten in Kreditkartenqualit\u00e4t im Komplettpaket anbieten. Dieses Angebot richtet sich an alle, die hochwertige Plastikkarten in kleineren Auflagen von 250 bis 1.000 Exemplaren zu attraktiven Konditionen ben\u00f6tigen! Lassen Sie sich \u00fcberzeugen \u2013 wir freuen uns \u00fcber Ihre Anfrage! Selbstverst\u00e4ndlich sind wir auch [&hellip;]<\/p>\n","protected":false},"author":1,"featured_media":0,"parent":0,"menu_order":0,"comment_status":"closed","ping_status":"closed","template":"","meta":{"footnotes":""},"class_list":["post-92","page","type-page","status-publish","hentry"],"_links":{"self":[{"href":"https:\/\/laminacard.123-mousepad.de\/index.php?rest_route=\/wp\/v2\/pages\/92","targetHints":{"allow":["GET"]}}],"collection":[{"href":"https:\/\/laminacard.123-mousepad.de\/index.php?rest_route=\/wp\/v2\/pages"}],"about":[{"href":"https:\/\/laminacard.123-mousepad.de\/index.php?rest_route=\/wp\/v2\/types\/page"}],"author":[{"embeddable":true,"href":"https:\/\/laminacard.123-mousepad.de\/index.php?rest_route=\/wp\/v2\/users\/1"}],"replies":[{"embeddable":true,"href":"https:\/\/laminacard.123-mousepad.de\/index.php?rest_route=%2Fwp%2Fv2%2Fcomments&post=92"}],"version-history":[{"count":9,"href":"https:\/\/laminacard.123-mousepad.de\/index.php?rest_route=\/wp\/v2\/pages\/92\/revisions"}],"predecessor-version":[{"id":123,"href":"https:\/\/laminacard.123-mousepad.de\/index.php?rest_route=\/wp\/v2\/pages\/92\/revisions\/123"}],"wp:attachment":[{"href":"https:\/\/laminacard.123-mousepad.de\/index.php?rest_route=%2Fwp%2Fv2%2Fmedia&parent=92"}],"curies":[{"name":"wp","href":"https:\/\/api.w.org\/{rel}","templated":true}]}}